{"id":126,"date":"2007-07-15T08:39:40","date_gmt":"2007-07-15T08:39:40","guid":{"rendered":"http:\/\/maxdohner.ch\/web\/?post_type=product&#038;p=126"},"modified":"2019-04-02T05:30:50","modified_gmt":"2019-04-02T05:30:50","slug":"liebeslauben","status":"publish","type":"product","link":"https:\/\/maxdohner.ch\/web\/product\/liebeslauben\/","title":{"rendered":"Liebeslauben"},"content":{"rendered":"\r\n<figure class=\"wp-block-embed-youtube wp-block-embed is-type-video is-provider-youtube wp-embed-aspect-16-9 wp-has-aspect-ratio\"><div class=\"wp-block-embed__wrapper\">\r\n<iframe loading=\"lazy\" width=\"1170\" height=\"658\" src=\"https:\/\/www.youtube.com\/embed\/MDnp4K949hI?feature=oembed\" frameborder=\"0\" allow=\"accelerometer; autoplay; encrypted-media; gyroscope; picture-in-picture\" allowfullscreen><\/iframe>\r\n<\/div><\/figure>\r\n","protected":false},"excerpt":{"rendered":"<p>Ausgehend von einem Zitat aus der Literatur, aus popul\u00e4ren Songtexten oder Filmen pflegt Max Dohner in seinen \u00bbLiebeslauben\u00ab eine charmante und weiterf\u00fchrende Plauderei \u00fcber Liebe und Sex, Eifersucht, Gef\u00fchlskitsch und Gier, Liebesverrat und -gl\u00fcck. Die kurzen Texte sind leicht im Ton und doch literarisch: unzimperlich und unsystematisch, assoziativ und poetisch.<br \/>\nLustvoll setzt Dohner angeblich Unvereinbares \u00fcberraschend in Beziehung und stellt die Themen in ein neues Licht: ein Kompendium unterhaltsamer Anreize f\u00fcr Kopf, Herz und Seele mit eingestreuten Mini-Liebesgeschichten, Anregung f\u00fcr weiterf\u00fchrende Lekt\u00fcre, vielleicht auch Inspiration f\u00fcr neue Romanzen mit Geist und Gef\u00fchl.<br \/>\nMax Dohner macht keinen Hehl daraus, da\u00df die Sprache \u2013 bzw. die Literatur \u2013 mindestens hilft, Sentiment und Sentimentalit\u00e4t zu durchleuchten, zu bewerten und am Ende, mehr als alles sonst, zu verfeinern. Er pl\u00e4diert daf\u00fcr, da\u00df man auch heute keineswegs auf die Utopie der \u00bbromantischen Liebe\u00ab verzichten sollte, ja, da\u00df man im Namen der Liebe nicht darauf verzichten darf.<br \/>\nVerlag R\u00fcffer &amp; Rub, Z\u00fcrich, 2007<\/p>\n","protected":false},"featured_media":1756,"comment_status":"open","ping_status":"closed","template":"","meta":[],"_links":{"self":[{"href":"https:\/\/maxdohner.ch\/web\/wp-json\/wp\/v2\/product\/126"}],"collection":[{"href":"https:\/\/maxdohner.ch\/web\/wp-json\/wp\/v2\/product"}],"about":[{"href":"https:\/\/maxdohner.ch\/web\/wp-json\/wp\/v2\/types\/product"}],"replies":[{"embeddable":true,"href":"https:\/\/maxdohner.ch\/web\/wp-json\/wp\/v2\/comments?post=126"}],"wp:featuredmedia":[{"embeddable":true,"href":"https:\/\/maxdohner.ch\/web\/wp-json\/wp\/v2\/media\/1756"}],"wp:attachment":[{"href":"https:\/\/maxdohner.ch\/web\/wp-json\/wp\/v2\/media?parent=126"}],"curies":[{"name":"wp","href":"https:\/\/api.w.org\/{rel}","templated":true}]}}