{"id":1764,"date":"2006-07-15T04:57:06","date_gmt":"2006-07-15T04:57:06","guid":{"rendered":"http:\/\/maxdohner.ch\/web\/?post_type=product&#038;p=1764"},"modified":"2019-04-02T05:30:14","modified_gmt":"2019-04-02T05:30:14","slug":"die-sieben-alter-der-liebe","status":"publish","type":"product","link":"https:\/\/maxdohner.ch\/web\/product\/die-sieben-alter-der-liebe\/","title":{"rendered":"Die sieben Alter der Liebe"},"content":{"rendered":"","protected":false},"excerpt":{"rendered":"<p>Zeit seines Daseins versucht Flavio Madur, \u00e4u\u00dferem Druck zu trotzen und dem inneren Gesetz zu folgen \u2013 zugunsten des Gl\u00fccks, auf Kosten der Karriere. Vor dem Hintergrund des Wandels von der kleingewerblich-b\u00e4uerlichen Welt am Z\u00fcrichsee zur anonymen Gesellschaft global operierender Unternehmen entfalten sich die amour\u00f6sen Abenteuer eines geistreichen Au\u00dfenseiters, dessen Geschick die Geschichte ein und derselben fr\u00fchen Pr\u00e4gung darstellt \u2013 einer romantischen Pr\u00e4gung zwischen Eros und Thanatos.<br \/>\n&nbsp;<br \/>\nDie Verwerfungen beginnen, als der geplagte Knabe sich in Schneewittchen verliebt. Eine Globetrotter-G\u00f6re raubt dem ausgeb\u00fcxten Teenager in London die Unschuld, w\u00e4hrend sie mit ihrem Daddy telefoniert. Nach einem Totschlag findet der Schulversager Zuflucht bei einer zehn Jahre \u00e4lteren Italienerin. Desillusioniert wird Madur TV-Comedy-Schreiber und lernt eine junge Autistin kennen \u2013 was ihm einen Schlaganfall beschert und das Herz raubt. Als alternder Ausstellungsmacher hat er noch eine Aff\u00e4re mit der Kuratorin des Sepulkralmuseums in Kassel. Schlie\u00dflich erf\u00fcllt ein greiser Anwalt den letzten Willen Madurs, der mit 57 Jahren stirbt.<br \/>\n&nbsp;<br \/>\nEin Roman von Verspielt- und Versponnenheiten des Lebens und den F\u00e4hrnissen der Liebe, vom Wunder des Weiblichen und von Begegnungen, die viel fr\u00fcher eingef\u00e4delt werden, als sie sich dann ereignen.<\/p>\n","protected":false},"featured_media":1765,"comment_status":"open","ping_status":"closed","template":"","meta":[],"_links":{"self":[{"href":"https:\/\/maxdohner.ch\/web\/wp-json\/wp\/v2\/product\/1764"}],"collection":[{"href":"https:\/\/maxdohner.ch\/web\/wp-json\/wp\/v2\/product"}],"about":[{"href":"https:\/\/maxdohner.ch\/web\/wp-json\/wp\/v2\/types\/product"}],"replies":[{"embeddable":true,"href":"https:\/\/maxdohner.ch\/web\/wp-json\/wp\/v2\/comments?post=1764"}],"wp:featuredmedia":[{"embeddable":true,"href":"https:\/\/maxdohner.ch\/web\/wp-json\/wp\/v2\/media\/1765"}],"wp:attachment":[{"href":"https:\/\/maxdohner.ch\/web\/wp-json\/wp\/v2\/media?parent=1764"}],"curies":[{"name":"wp","href":"https:\/\/api.w.org\/{rel}","templated":true}]}}