{"id":1768,"date":"1996-07-15T05:11:35","date_gmt":"1996-07-15T05:11:35","guid":{"rendered":"http:\/\/maxdohner.ch\/web\/?post_type=product&#038;p=1768"},"modified":"2019-04-02T11:32:08","modified_gmt":"2019-04-02T11:32:08","slug":"mehr-zeit-als-leben","status":"publish","type":"product","link":"https:\/\/maxdohner.ch\/web\/product\/mehr-zeit-als-leben\/","title":{"rendered":"Mehr Zeit als Leben"},"content":{"rendered":"","protected":false},"excerpt":{"rendered":"<p>Mehr Zeit als Leben sind Geschichten \u00fcber Liebe und Lethe \u2013 \u00fcber das, was uns bleibt, und \u00fcber das, was vergessen geht. \u201eDie Liebe genauso wie der Tod\u201c, schreibt der Autor, \u201eerzwingt geradezu die Erfindung des Lebens\u201c. Max Dohner erfindet das Leben mit einer Vielfalt an Kl\u00e4ngen und Figuren. Zart und melancholisch (Das Riesenrad), dramatisch im Untergang (Das Erdbeben), bittersp\u00f6ttisch (Nocturne an die Unbekannte), gelassen und heiter (Der Totenanwalt), grotesk, doch realistisch (Der W\u00fcrger von Texmex und Francesca). Dabei begegnen wir unaufdringlich drei Figuren immer wieder Flavio, Ronec und Yurina, wodurch sich, versteckt in der Reihe der Geschichten, drei Miniatur-Romane entwickeln. Dohners Geschichten sind gepr\u00e4gt von Vitalit\u00e4t, Einfallsreichtum und Dichte. Manche der Figuren wachsen ans Herz, andere verst\u00f6ren das Denken, wieder andere bereiten rundweg Vergn\u00fcgen. Dohner ist scharf in der Satire, k\u00fchl im Grauen, lyrisch in der Klage. Er forscht in Kopf und Seele und formuliert, was er findet, stets mit dem richtigen Ton, mit Ironie, mit nachhaltigen Gef\u00fchlen.\u2026<\/p>\n","protected":false},"featured_media":1769,"comment_status":"open","ping_status":"closed","template":"","meta":[],"_links":{"self":[{"href":"https:\/\/maxdohner.ch\/web\/wp-json\/wp\/v2\/product\/1768"}],"collection":[{"href":"https:\/\/maxdohner.ch\/web\/wp-json\/wp\/v2\/product"}],"about":[{"href":"https:\/\/maxdohner.ch\/web\/wp-json\/wp\/v2\/types\/product"}],"replies":[{"embeddable":true,"href":"https:\/\/maxdohner.ch\/web\/wp-json\/wp\/v2\/comments?post=1768"}],"wp:featuredmedia":[{"embeddable":true,"href":"https:\/\/maxdohner.ch\/web\/wp-json\/wp\/v2\/media\/1769"}],"wp:attachment":[{"href":"https:\/\/maxdohner.ch\/web\/wp-json\/wp\/v2\/media?parent=1768"}],"curies":[{"name":"wp","href":"https:\/\/api.w.org\/{rel}","templated":true}]}}